{"id":628,"date":"2022-01-19T09:40:52","date_gmt":"2022-01-19T09:40:52","guid":{"rendered":"https:\/\/edmundjralph.com\/index.php\/about-us\/"},"modified":"2024-03-06T20:47:51","modified_gmt":"2024-03-07T02:47:51","slug":"about-us","status":"publish","type":"page","link":"https:\/\/edmundjralph.com\/index.php\/about-us\/","title":{"rendered":"Acerca de Nosotros"},"content":{"rendered":"\n<div class=\"wp-block-stackable-image stk-block-image stk-block stk-d849a06 stk-block-background\" data-block-id=\"d849a06\"><style>.stk-d849a06{border-top-left-radius:1px !important;border-top-right-radius:1px !important;border-bottom-right-radius:1px !important;border-bottom-left-radius:1px !important;overflow:hidden !important;box-shadow:none !important}<\/style><figure><span class=\"stk-img-wrapper stk-image--shape-stretch\"><img loading=\"lazy\" decoding=\"async\" class=\"stk-img wp-image-978\" src=\"https:\/\/edmundjralph.com\/wp-content\/uploads\/2024\/03\/Nosotros1.jpg\" width=\"717\" height=\"413\" srcset=\"https:\/\/edmundjralph.com\/wp-content\/uploads\/2024\/03\/Nosotros1.jpg 717w, https:\/\/edmundjralph.com\/wp-content\/uploads\/2024\/03\/Nosotros1-300x173.jpg 300w, https:\/\/edmundjralph.com\/wp-content\/uploads\/2024\/03\/Nosotros1-600x346.jpg 600w\" sizes=\"auto, (max-width: 717px) 100vw, 717px\" \/><\/span><\/figure><\/div>\n\n\n\n<div class=\"wp-block-stackable-spacer stk-block-spacer stk--no-padding stk-block stk-c003d22\" data-block-id=\"c003d22\"><style>.stk-c003d22{height:16px !important}@media screen and (max-width:689px){.stk-c003d22{height:20px !important}}<\/style><\/div>\n\n\n\n<div class=\"wp-block-stackable-heading stk-block-heading stk-block-heading--v2 stk-block stk-cc405c3\" id=\"span-style-color-var-theme-palette-color-2-7-f-715-c-class-stk-highlight-edmund-j-ralph-y-compania-s-a-de-c-v-span\" data-block-id=\"cc405c3\"><style>@media screen and (max-width:689px){.stk-cc405c3 .stk-block-heading__text{font-size:25px !important}}<\/style><h2 class=\"stk-block-heading__text has-text-align-center has-text-align-center-mobile\"><span style=\"color: var(--theme-palette-color-2, #7f715c);\" class=\"stk-highlight\">Edmund J. Ralph y Compa\u00f1ia, S.A. de C.V.<\/span><\/h2><\/div>\n\n\n\n<div class=\"wp-block-stackable-columns stk-block-columns stk-block stk-e9fb440\" data-block-id=\"e9fb440\"><style>.stk-e9fb440{margin-bottom:0px !important}.stk-e9fb440-column{--stk-column-gap:30px !important}@media screen and (max-width:689px){.stk-e9fb440-column{row-gap:50px !important}}<\/style><div class=\"stk-row stk-inner-blocks stk-block-content stk-content-align stk-e9fb440-column\">\n<div class=\"wp-block-stackable-column stk-block-column stk-column stk-block stk-3d0787d\" data-v=\"4\" data-block-id=\"3d0787d\"><style>.stk-3d0787d-container{margin-top:0px !important;margin-right:0px !important;margin-bottom:0px !important;margin-left:0px !important}<\/style><div class=\"stk-column-wrapper stk-block-column__content stk-container stk-3d0787d-container stk--no-background stk--no-padding\"><div class=\"stk-block-content stk-inner-blocks stk-3d0787d-inner-blocks\">\n<div class=\"wp-block-stackable-text stk-block-text stk-block stk-d22a686\" data-block-id=\"d22a686\"><style>.stk-d22a686 .stk-block-text__text{font-size:18px !important}@media screen and (max-width:999px){.stk-d22a686 .stk-block-text__text{font-size:18px !important}}<\/style><p class=\"stk-block-text__text has-text-align-center-mobile\">Empresa fundada en la ciudad de Chihuahua, Chih. en el a\u00f1o de 1989 como representante de fabricantes de productos l\u00edderes en el mercado y comprometidos a dar un servicio integral a sus clientes, ofreciendo atenci\u00f3n personalizada, productos de calidad, rapidez en la entrega, amplia gama de productos, garant\u00eda total defectos de manufactura y credito de acuerdo a las necesidades y capacidades de cada cliente.<\/p><\/div>\n<\/div><\/div><\/div>\n<\/div><\/div>\n\n\n\n<div class=\"wp-block-stackable-spacer stk-block-spacer stk--no-padding stk-block stk-0f07c80\" data-block-id=\"0f07c80\"><style>.stk-0f07c80{height:100px !important}@media screen and (max-width:999px){.stk-0f07c80{height:80px !important}}@media screen and (max-width:689px){.stk-0f07c80{height:50px !important}}<\/style><\/div>\n\n\n\n<div class=\"wp-block-stackable-columns stk-block-columns stk-block stk-b0fe234\" data-block-id=\"b0fe234\"><style>.stk-b0fe234{margin-bottom:0px !important}.stk-b0fe234-column{--stk-column-gap:30px !important}@media screen and (max-width:689px){.stk-b0fe234-column{row-gap:50px !important}}<\/style><div class=\"stk-row stk-inner-blocks stk-block-content stk-content-align stk-b0fe234-column\">\n<div class=\"wp-block-stackable-column stk-block-column stk-column stk-block stk-f259ead\" data-v=\"4\" data-block-id=\"f259ead\"><style>.stk-f259ead-container{margin-top:0px !important;margin-right:0px !important;margin-bottom:0px !important;margin-left:0px !important}<\/style><div class=\"stk-column-wrapper stk-block-column__content stk-container stk-f259ead-container stk--no-background stk--no-padding\"><div class=\"stk-block-content stk-inner-blocks stk-f259ead-inner-blocks\">\n<div class=\"wp-block-stackable-text stk-block-text stk-block stk-1d52c02\" data-block-id=\"1d52c02\"><p class=\"stk-block-text__text\"><\/p><\/div>\n\n\n\n<div class=\"wp-block-stackable-text stk-block-text stk-block stk-7355dfc\" data-block-id=\"7355dfc\"><p class=\"stk-block-text__text\"><\/p><\/div>\n\n\n\n<div class=\"wp-block-stackable-heading stk-block-heading stk-block-heading--v2 stk-block stk-ece4ff4\" id=\"span-style-color-var-theme-palette-color-2-7-f-715-c-class-stk-highlight-mision-span\" data-block-id=\"ece4ff4\"><h2 class=\"stk-block-heading__text has-text-align-center has-text-align-center-mobile\"><span style=\"color: var(--theme-palette-color-2, #7f715c);\" class=\"stk-highlight\">Misi\u00f3n<\/span><\/h2><\/div>\n\n\n\n<p class=\"has-text-align-center has-medium-font-size\">Ser el proveedor m\u00e1s confiable del mercado por su servicio integral que le permite a los clientes manejar niveles optimos de inventario para garantizar la mayor rentabilidad de su operaci\u00f3n, por la r\u00e1pida y completa entrega de su amplia gama de productos.<\/p>\n<\/div><\/div><\/div>\n\n\n\n<div class=\"wp-block-stackable-column stk-block-column stk-column stk-block stk-ea3972c\" data-v=\"4\" data-block-id=\"ea3972c\"><style>.stk-ea3972c-container{margin-top:0px !important;margin-right:0px !important;margin-bottom:0px !important;margin-left:0px !important}<\/style><div class=\"stk-column-wrapper stk-block-column__content stk-container stk-ea3972c-container stk--no-background stk--no-padding\"><div class=\"stk-block-content stk-inner-blocks stk-ea3972c-inner-blocks\">\n<div class=\"wp-block-stackable-text stk-block-text stk-block stk-a86ea27\" data-block-id=\"a86ea27\"><p class=\"stk-block-text__text has-text-align-center-mobile\"><\/p><\/div>\n\n\n\n<figure class=\"wp-block-image size-large\"><img loading=\"lazy\" decoding=\"async\" width=\"1024\" height=\"684\" src=\"https:\/\/edmundjralph.com\/wp-content\/uploads\/2024\/03\/mision-1024x684.jpg\" alt=\"\" class=\"wp-image-746\" srcset=\"https:\/\/edmundjralph.com\/wp-content\/uploads\/2024\/03\/mision-1024x684.jpg 1024w, https:\/\/edmundjralph.com\/wp-content\/uploads\/2024\/03\/mision-300x200.jpg 300w, https:\/\/edmundjralph.com\/wp-content\/uploads\/2024\/03\/mision-768x513.jpg 768w, https:\/\/edmundjralph.com\/wp-content\/uploads\/2024\/03\/mision-600x401.jpg 600w, https:\/\/edmundjralph.com\/wp-content\/uploads\/2024\/03\/mision.jpg 1152w\" sizes=\"auto, (max-width: 1024px) 100vw, 1024px\" \/><\/figure>\n<\/div><\/div><\/div>\n<\/div><\/div>\n\n\n\n<div class=\"wp-block-stackable-spacer stk-block-spacer stk--no-padding stk-block stk-4bfaaad\" data-block-id=\"4bfaaad\"><style>.stk-4bfaaad{height:50px !important}<\/style><\/div>\n\n\n\n<div class=\"wp-block-stackable-columns stk-block-columns stk-block stk-49e6849\" data-block-id=\"49e6849\"><style>.stk-49e6849{margin-bottom:0px !important}.stk-49e6849-column{--stk-column-gap:30px !important}@media screen and (max-width:689px){.stk-49e6849-column{row-gap:50px !important}}<\/style><div class=\"stk-row stk-inner-blocks stk-block-content stk-content-align stk-49e6849-column\">\n<div class=\"wp-block-stackable-column stk-block-column stk-column stk-block stk-565ac13\" data-v=\"4\" data-block-id=\"565ac13\"><style>.stk-565ac13-container{margin-top:0px !important;margin-right:0px !important;margin-bottom:0px !important;margin-left:0px !important}<\/style><div class=\"stk-column-wrapper stk-block-column__content stk-container stk-565ac13-container stk--no-background stk--no-padding\"><div class=\"stk-block-content stk-inner-blocks stk-565ac13-inner-blocks\">\n<div class=\"wp-block-stackable-text stk-block-text stk-block stk-a9eb418\" data-block-id=\"a9eb418\"><p class=\"stk-block-text__text has-text-align-center-mobile\"><\/p><\/div>\n\n\n\n<figure class=\"wp-block-image size-large\"><img loading=\"lazy\" decoding=\"async\" width=\"1024\" height=\"684\" src=\"https:\/\/edmundjralph.com\/wp-content\/uploads\/2024\/03\/vision-1024x684.jpg\" alt=\"\" class=\"wp-image-747\" srcset=\"https:\/\/edmundjralph.com\/wp-content\/uploads\/2024\/03\/vision-1024x684.jpg 1024w, https:\/\/edmundjralph.com\/wp-content\/uploads\/2024\/03\/vision-300x201.jpg 300w, https:\/\/edmundjralph.com\/wp-content\/uploads\/2024\/03\/vision-768x513.jpg 768w, https:\/\/edmundjralph.com\/wp-content\/uploads\/2024\/03\/vision-600x401.jpg 600w, https:\/\/edmundjralph.com\/wp-content\/uploads\/2024\/03\/vision.jpg 1164w\" sizes=\"auto, (max-width: 1024px) 100vw, 1024px\" \/><\/figure>\n<\/div><\/div><\/div>\n\n\n\n<div class=\"wp-block-stackable-column stk-block-column stk-column stk-block stk-1acd5f4\" data-v=\"4\" data-block-id=\"1acd5f4\"><style>.stk-1acd5f4-container{margin-top:0px !important;margin-right:0px !important;margin-bottom:0px !important;margin-left:0px !important}<\/style><div class=\"stk-column-wrapper stk-block-column__content stk-container stk-1acd5f4-container stk--no-background stk--no-padding\"><div class=\"stk-block-content stk-inner-blocks stk-1acd5f4-inner-blocks\">\n<div class=\"wp-block-stackable-text stk-block-text stk-block stk-6f93eca\" data-block-id=\"6f93eca\"><p class=\"stk-block-text__text\"><\/p><\/div>\n\n\n\n<div class=\"wp-block-stackable-text stk-block-text stk-block stk-a21711a\" data-block-id=\"a21711a\"><p class=\"stk-block-text__text\"><\/p><\/div>\n\n\n\n<div class=\"wp-block-stackable-heading stk-block-heading stk-block-heading--v2 stk-block stk-59bab9c\" id=\"span-style-color-var-theme-palette-color-2-7-f-715-c-class-stk-highlight-vision-span\" data-block-id=\"59bab9c\"><h2 class=\"stk-block-heading__text has-text-align-center\"><span style=\"color: var(--theme-palette-color-2, #7f715c);\" class=\"stk-highlight\">Visi\u00f3n<\/span><\/h2><\/div>\n\n\n\n<p class=\"has-text-align-center has-medium-font-size\">Mantenernos actualizados a los cambios que impone el crecimiento aceledaro del mercado, cuidando siempre los est\u00e1ndares de calidad, dise\u00f1o y servicio requeridos para optimizar los costos y utilidades de nuestros clientes.<\/p>\n<\/div><\/div><\/div>\n<\/div><\/div>\n\n\n\n<div class=\"wp-block-stackable-spacer stk-block-spacer stk--no-padding stk-block stk-3ec9e5f\" data-block-id=\"3ec9e5f\"><style>.stk-3ec9e5f{height:50px !important}<\/style><\/div>\n","protected":false},"excerpt":{"rendered":"<p>Edmund J. Ralph y Compa\u00f1ia, S.A. de C.V. Empresa fundada en la ciudad de Chihuahua, Chih. en el a\u00f1o de 1989 como representante de fabricantes de productos l\u00edderes en el mercado y comprometidos a dar un servicio integral a sus clientes, ofreciendo atenci\u00f3n personalizada, productos de calidad, rapidez en la entrega, amplia gama de productos, [&hellip;]<\/p>\n","protected":false},"author":1,"featured_media":0,"parent":0,"menu_order":0,"comment_status":"closed","ping_status":"closed","template":"","meta":{"footnotes":""},"class_list":["post-628","page","type-page","status-publish","hentry"],"blocksy_meta":{"styles_descriptor":{"styles":{"desktop":"","tablet":"","mobile":""},"google_fonts":[],"version":6}},"_links":{"self":[{"href":"https:\/\/edmundjralph.com\/index.php\/wp-json\/wp\/v2\/pages\/628","targetHints":{"allow":["GET"]}}],"collection":[{"href":"https:\/\/edmundjralph.com\/index.php\/wp-json\/wp\/v2\/pages"}],"about":[{"href":"https:\/\/edmundjralph.com\/index.php\/wp-json\/wp\/v2\/types\/page"}],"author":[{"embeddable":true,"href":"https:\/\/edmundjralph.com\/index.php\/wp-json\/wp\/v2\/users\/1"}],"replies":[{"embeddable":true,"href":"https:\/\/edmundjralph.com\/index.php\/wp-json\/wp\/v2\/comments?post=628"}],"version-history":[{"count":31,"href":"https:\/\/edmundjralph.com\/index.php\/wp-json\/wp\/v2\/pages\/628\/revisions"}],"predecessor-version":[{"id":980,"href":"https:\/\/edmundjralph.com\/index.php\/wp-json\/wp\/v2\/pages\/628\/revisions\/980"}],"wp:attachment":[{"href":"https:\/\/edmundjralph.com\/index.php\/wp-json\/wp\/v2\/media?parent=628"}],"curies":[{"name":"wp","href":"https:\/\/api.w.org\/{rel}","templated":true}]}}